{"id":243576,"date":"2022-11-14T15:18:25","date_gmt":"2022-11-14T14:18:25","guid":{"rendered":"https:\/\/herbapac.fr\/contact\/"},"modified":"2023-03-30T12:46:16","modified_gmt":"2023-03-30T10:46:16","slug":"contact","status":"publish","type":"page","link":"https:\/\/herbapac.fr\/en\/contact\/","title":{"rendered":"Contact"},"content":{"rendered":"<p>[et_pb_section fb_built=&#8221;1&#8243; admin_label=&#8221;Section contact&#8221; _builder_version=&#8221;4.19.2&#8243; _module_preset=&#8221;default&#8221; global_colors_info=&#8221;{}&#8221;][et_pb_row _builder_version=&#8221;4.19.2&#8243; _module_preset=&#8221;default&#8221; global_colors_info=&#8221;{}&#8221;][et_pb_column type=&#8221;4_4&#8243; _builder_version=&#8221;4.19.2&#8243; _module_preset=&#8221;default&#8221; global_colors_info=&#8221;{}&#8221;][et_pb_text content_tablet=&#8221;<\/p>\n<h1><span style=%22color: #546a29; font-size: 40px;%22>Contact<\/span><\/h1>\n<h1><em>Herbapac<\/em><\/h1>\n<p><b><\/b><\/p>\n<p><b>SNC Herbapac<\/b><\/p>\n<p>Rue du Pont du P\u00e9age<\/p>\n<p>67118 Geispolsheim FRANCE<\/p>\n<p><img src=%22https:\/\/herbapac.fr\/wp-content\/uploads\/2022\/12\/icons8-telephone-32.png%22 width=%2225%22 height=%2225%22 alt=%22%22 class=%22wp-image-242338 alignnone size-full%22>  + 33 (0)3 90 40 34 10<\/p>\n<p><img src=%22https:\/\/herbapac.fr\/wp-content\/uploads\/2022\/12\/icons8-fax-32.png%22 width=%2225%22 height=%2225%22 alt=%22%22 class=%22wp-image-242339 alignnone size-full%22>  + 33 (0)3 90 40 34 39<\/p>\n<p>&#8221; content_phone=&#8221;<\/p>\n<h1><span style=%22color: #546a29; font-size: 30px;%22>Contact<\/span><\/h1>\n<h1><em>Herbapac<\/em><\/h1>\n<p><b><\/b><\/p>\n<p><b>SNC Herbapac<\/b><\/p>\n<p>Rue du Pont du P\u00e9age<\/p>\n<p>67118 Geispolsheim FRANCE<\/p>\n<p><img src=%22https:\/\/herbapac.fr\/wp-content\/uploads\/2022\/12\/icons8-telephone-32.png%22 width=%2225%22 height=%2225%22 alt=%22%22 class=%22wp-image-242338 alignnone size-full%22>  + 33 (0)3 90 40 34 10<\/p>\n<p><img src=%22https:\/\/herbapac.fr\/wp-content\/uploads\/2022\/12\/icons8-fax-32.png%22 width=%2225%22 height=%2225%22 alt=%22%22 class=%22wp-image-242339 alignnone size-full%22>  + 33 (0)3 90 40 34 39<\/p>\n<p>&#8221; content_last_edited=&#8221;on|phone&#8221; admin_label=&#8221;Adresse herbapac&#8221; module_id=&#8221;adresse_herbapac&#8221; _builder_version=&#8221;4.19.4&#8243; _module_preset=&#8221;default&#8221; text_font=&#8221;||||||||&#8221; text_text_color=&#8221;#546A29&#8243; text_line_height=&#8221;1em&#8221; header_font=&#8221;Playfair Display|300|||||||&#8221; header_text_align=&#8221;center&#8221; header_text_color=&#8221;#C3AD5C&#8221; header_font_size=&#8221;68px&#8221; header_line_height=&#8221;0.8em&#8221; text_orientation=&#8221;center&#8221; text_font_size_tablet=&#8221;&#8221; text_font_size_phone=&#8221;&#8221; text_font_size_last_edited=&#8221;on|desktop&#8221; header_font_size_tablet=&#8221;50px&#8221; header_font_size_phone=&#8221;40px&#8221; header_font_size_last_edited=&#8221;on|desktop&#8221; global_colors_info=&#8221;{}&#8221;]<\/p>\n<h1><span style=\"color: #546a29; font-size: 45px;\">Contact<\/span><\/h1>\n<h1><em>Herbapac<\/em><\/h1>\n<p><b><\/b><\/p>\n<p><b>SNC Herbapac<\/b><\/p>\n<p>Rue du Pont du P\u00e9age<\/p>\n<p>67118 Geispolsheim FRANCE<\/p>\n<p><img loading=\"lazy\" decoding=\"async\" src=\"https:\/\/herbapac.fr\/wp-content\/uploads\/2022\/12\/icons8-telephone-32.png\" width=\"25\" height=\"25\" alt=\"\" class=\"wp-image-242338 alignnone size-full\">  + 33 (0)3 90 40 34 10<\/p>\n<p><img loading=\"lazy\" decoding=\"async\" src=\"https:\/\/herbapac.fr\/wp-content\/uploads\/2022\/11\/icons8-message.svg\" width=\"25\" height=\"25\" alt=\"\" class=\"wp-image-198 alignnone size-medium\">   <span style=\"color: #008000;\"><a href=\"mailto:contact@herbapac.fr\" style=\"color: #546a29;\">contact@herbapac.fr<\/a><\/span><\/p>\n<p>[\/et_pb_text][\/et_pb_column][\/et_pb_row][et_pb_row _builder_version=&#8221;4.19.2&#8243; _module_preset=&#8221;default&#8221; background_color=&#8221;#EEEEEE&#8221; global_colors_info=&#8221;{}&#8221;][et_pb_column type=&#8221;4_4&#8243; _builder_version=&#8221;4.19.2&#8243; _module_preset=&#8221;default&#8221; global_colors_info=&#8221;{}&#8221;][et_pb_text content_tablet=&#8221;<\/p>\n<h3 style=%22text-align: center;%22><span style=%22color: #546a29; font-size: 40px;%22>Send us a<\/span><\/h3>\n<h4 style=%22text-align: center;%22><em>message<\/em><\/h4>\n<p style=%22text-align: center;%22><em><\/em><\/p>\n<p style=%22text-align: center;%22><em><\/em><\/p>\n<p style=%22text-align: center;%22><em><\/em><\/p>\n<p style=%22text-align: center;%22>If you have some questions, thank you to contact us through this form or by phone.<\/p>\n<p>&#8221; content_phone=&#8221;<\/p>\n<h3 style=%22text-align: center;%22><span style=%22color: #546a29; font-size: 30px;%22>Send us a<\/span><\/h3>\n<h4 style=%22text-align: center;%22><em>message<\/em><\/h4>\n<p style=%22text-align: center;%22><em><\/em><\/p>\n<p style=%22text-align: center;%22><em><\/em><\/p>\n<p style=%22text-align: center;%22><em><\/em><\/p>\n<p style=%22text-align: center;%22>If you have some questions, thank you to contact us through this form or by phone.<\/p>\n<p>&#8221; content_last_edited=&#8221;on|phone&#8221; module_id=&#8221;texte_contact&#8221; module_class=&#8221;module_avec_s\u00e9parateur&#8221; _builder_version=&#8221;4.19.2&#8243; _module_preset=&#8221;default&#8221; text_font=&#8221;|300|||||||&#8221; header_3_font=&#8221;|300|||||||&#8221; header_3_text_align=&#8221;center&#8221; header_3_line_height=&#8221;0.5em&#8221; header_4_font=&#8221;|300|||||||&#8221; header_4_text_align=&#8221;center&#8221; header_4_text_color=&#8221;#C3AD5C&#8221; header_4_font_size=&#8221;68px&#8221; header_4_font_size_tablet=&#8221;50px&#8221; header_4_font_size_phone=&#8221;40px&#8221; header_4_font_size_last_edited=&#8221;on|desktop&#8221; global_colors_info=&#8221;{}&#8221;]<\/p>\n<h3 style=\"text-align: center;\"><span style=\"color: #546a29; font-size: 45px;\">Send us a<\/span><\/h3>\n<h4 style=\"text-align: center;\"><em>message<\/em><\/h4>\n<p style=\"text-align: center;\"><em><\/em><\/p>\n<p style=\"text-align: center;\"><em><\/em><\/p>\n<p style=\"text-align: center;\"><em><\/em><\/p>\n<p style=\"text-align: center;\">If you have some questions, thank you to contact us through this form or by phone.<\/p>\n<p>[\/et_pb_text][et_pb_contact_form use_spam_service=&#8221;on&#8221; recaptcha_list=&#8221;HERBAPAC|HERBAPAC-0&#8243; email=&#8221;contact@herbapac.fr, contact@neoh.fr&#8221; custom_message=&#8221;Vous avez re\u00e7u un nouveau message via le formulaire de contact HERBAPAC||et_pb_line_break_holder||||et_pb_line_break_holder||Genre de la personne : %%Genre%%||et_pb_line_break_holder||||et_pb_line_break_holder||Nom \/ Pr\u00e9nom : %%Nom%%||et_pb_line_break_holder||||et_pb_line_break_holder||Pays : %%Pays_departement%%||et_pb_line_break_holder||||et_pb_line_break_holder||E-mail : %%Email%%||et_pb_line_break_holder||||et_pb_line_break_holder||T\u00e9l\u00e9phone : %%telephone%%||et_pb_line_break_holder||||et_pb_line_break_holder||Soci\u00e9t\u00e9 : %%societe%%||et_pb_line_break_holder||||et_pb_line_break_holder||Message : %%Message%%||et_pb_line_break_holder||||et_pb_line_break_holder||||et_pb_line_break_holder||||et_pb_line_break_holder||&#8221; success_message=&#8221;We have received your message and will respond as soon as possible.&#8221; submit_button_text=&#8221;Send&#8221; _builder_version=&#8221;4.20.2&#8243; _module_preset=&#8221;default&#8221; _unique_id=&#8221;2b737ebb-feb0-4a91-9bb0-3785d9d6cb77&#8243; form_field_background_color=&#8221;#FFFFFF&#8221; form_field_text_color=&#8221;#333333&#8243; form_field_custom_padding=&#8221;||||false|false&#8221; title_font=&#8221;|300|||||||&#8221; title_text_color=&#8221;#546A29&#8243; title_font_size=&#8221;30px&#8221; form_field_font=&#8221;|300|||||||&#8221; form_field_font_size=&#8221;18px&#8221; custom_button=&#8221;on&#8221; button_text_color=&#8221;#FFFFFF&#8221; button_bg_color=&#8221;#546A29&#8243; button_font=&#8221;||||||||&#8221; button_use_icon=&#8221;off&#8221; max_width=&#8221;80%&#8221; module_alignment=&#8221;center&#8221; border_width_all=&#8221;1px&#8221; border_color_all=&#8221;#C3AD5C&#8221; box_shadow_style_button=&#8221;preset4&#8243; box_shadow_horizontal_button=&#8221;5px&#8221; box_shadow_vertical_button=&#8221;5px&#8221; box_shadow_color_button=&#8221;#C3AD5C&#8221; global_colors_info=&#8221;{}&#8221; button_text_color__hover_enabled=&#8221;on|hover&#8221; button_text_color__hover=&#8221;#BFDC9E&#8221;][et_pb_contact_field field_id=&#8221;Genre&#8221; field_title=&#8221;D\u00e9nomination&#8221; field_type=&#8221;radio&#8221; radio_options=&#8221;%91{%22value%22:%22Miss%22,%22checked%22:0,%22dragID%22:-1},{%22value%22:%22Mister%22,%22checked%22:0,%22dragID%22:0}%93&#8243; fullwidth_field=&#8221;on&#8221; _builder_version=&#8221;4.19.2&#8243; _module_preset=&#8221;default&#8221; text_orientation=&#8221;center&#8221; global_colors_info=&#8221;{}&#8221;][\/et_pb_contact_field][et_pb_contact_field field_id=&#8221;Nom&#8221; field_title=&#8221;Name \/ First name&#8221; allowed_symbols=&#8221;alphanumeric&#8221; _builder_version=&#8221;4.19.2&#8243; global_colors_info=&#8221;{}&#8221; button_text_size__hover_enabled=&#8221;off&#8221; button_one_text_size__hover_enabled=&#8221;off&#8221; button_two_text_size__hover_enabled=&#8221;off&#8221; button_text_color__hover_enabled=&#8221;off&#8221; button_one_text_color__hover_enabled=&#8221;off&#8221; button_two_text_color__hover_enabled=&#8221;off&#8221; button_border_width__hover_enabled=&#8221;off&#8221; button_one_border_width__hover_enabled=&#8221;off&#8221; button_two_border_width__hover_enabled=&#8221;off&#8221; button_border_color__hover_enabled=&#8221;off&#8221; button_one_border_color__hover_enabled=&#8221;off&#8221; button_two_border_color__hover_enabled=&#8221;off&#8221; button_border_radius__hover_enabled=&#8221;off&#8221; button_one_border_radius__hover_enabled=&#8221;off&#8221; button_two_border_radius__hover_enabled=&#8221;off&#8221; button_letter_spacing__hover_enabled=&#8221;off&#8221; button_one_letter_spacing__hover_enabled=&#8221;off&#8221; button_two_letter_spacing__hover_enabled=&#8221;off&#8221; button_bg_color__hover_enabled=&#8221;off&#8221; button_one_bg_color__hover_enabled=&#8221;off&#8221; button_two_bg_color__hover_enabled=&#8221;off&#8221;][\/et_pb_contact_field][et_pb_contact_field field_id=&#8221;Pays_departement&#8221; field_title=&#8221;Country&#8221; _builder_version=&#8221;4.19.4&#8243; global_colors_info=&#8221;{}&#8221; button_text_size__hover_enabled=&#8221;off&#8221; button_one_text_size__hover_enabled=&#8221;off&#8221; button_two_text_size__hover_enabled=&#8221;off&#8221; button_text_color__hover_enabled=&#8221;off&#8221; button_one_text_color__hover_enabled=&#8221;off&#8221; button_two_text_color__hover_enabled=&#8221;off&#8221; button_border_width__hover_enabled=&#8221;off&#8221; button_one_border_width__hover_enabled=&#8221;off&#8221; button_two_border_width__hover_enabled=&#8221;off&#8221; button_border_color__hover_enabled=&#8221;off&#8221; button_one_border_color__hover_enabled=&#8221;off&#8221; button_two_border_color__hover_enabled=&#8221;off&#8221; button_border_radius__hover_enabled=&#8221;off&#8221; button_one_border_radius__hover_enabled=&#8221;off&#8221; button_two_border_radius__hover_enabled=&#8221;off&#8221; button_letter_spacing__hover_enabled=&#8221;off&#8221; button_one_letter_spacing__hover_enabled=&#8221;off&#8221; button_two_letter_spacing__hover_enabled=&#8221;off&#8221; button_bg_color__hover_enabled=&#8221;off&#8221; button_one_bg_color__hover_enabled=&#8221;off&#8221; button_two_bg_color__hover_enabled=&#8221;off&#8221;][\/et_pb_contact_field][et_pb_contact_field field_id=&#8221;Email&#8221; field_title=&#8221;E-mail&#8221; field_type=&#8221;email&#8221; _builder_version=&#8221;4.19.4&#8243; global_colors_info=&#8221;{}&#8221; button_text_size__hover_enabled=&#8221;off&#8221; button_one_text_size__hover_enabled=&#8221;off&#8221; button_two_text_size__hover_enabled=&#8221;off&#8221; button_text_color__hover_enabled=&#8221;off&#8221; button_one_text_color__hover_enabled=&#8221;off&#8221; button_two_text_color__hover_enabled=&#8221;off&#8221; button_border_width__hover_enabled=&#8221;off&#8221; button_one_border_width__hover_enabled=&#8221;off&#8221; button_two_border_width__hover_enabled=&#8221;off&#8221; button_border_color__hover_enabled=&#8221;off&#8221; button_one_border_color__hover_enabled=&#8221;off&#8221; button_two_border_color__hover_enabled=&#8221;off&#8221; button_border_radius__hover_enabled=&#8221;off&#8221; button_one_border_radius__hover_enabled=&#8221;off&#8221; button_two_border_radius__hover_enabled=&#8221;off&#8221; button_letter_spacing__hover_enabled=&#8221;off&#8221; button_one_letter_spacing__hover_enabled=&#8221;off&#8221; button_two_letter_spacing__hover_enabled=&#8221;off&#8221; button_bg_color__hover_enabled=&#8221;off&#8221; button_one_bg_color__hover_enabled=&#8221;off&#8221; button_two_bg_color__hover_enabled=&#8221;off&#8221;][\/et_pb_contact_field][et_pb_contact_field field_id=&#8221;telephone&#8221; field_title=&#8221;Phone number&#8221; allowed_symbols=&#8221;numbers&#8221; _builder_version=&#8221;4.19.4&#8243; _module_preset=&#8221;default&#8221; global_colors_info=&#8221;{}&#8221;][\/et_pb_contact_field][et_pb_contact_field field_id=&#8221;societe&#8221; field_title=&#8221;Company&#8221; required_mark=&#8221;off&#8221; fullwidth_field=&#8221;on&#8221; _builder_version=&#8221;4.19.4&#8243; _module_preset=&#8221;default&#8221; global_colors_info=&#8221;{}&#8221;][\/et_pb_contact_field][et_pb_contact_field field_id=&#8221;Message&#8221; field_title=&#8221;Message&#8221; field_type=&#8221;text&#8221; fullwidth_field=&#8221;on&#8221; _builder_version=&#8221;4.16&#8243; global_colors_info=&#8221;{}&#8221; button_text_size__hover_enabled=&#8221;off&#8221; button_one_text_size__hover_enabled=&#8221;off&#8221; button_two_text_size__hover_enabled=&#8221;off&#8221; button_text_color__hover_enabled=&#8221;off&#8221; button_one_text_color__hover_enabled=&#8221;off&#8221; button_two_text_color__hover_enabled=&#8221;off&#8221; button_border_width__hover_enabled=&#8221;off&#8221; button_one_border_width__hover_enabled=&#8221;off&#8221; button_two_border_width__hover_enabled=&#8221;off&#8221; button_border_color__hover_enabled=&#8221;off&#8221; button_one_border_color__hover_enabled=&#8221;off&#8221; button_two_border_color__hover_enabled=&#8221;off&#8221; button_border_radius__hover_enabled=&#8221;off&#8221; button_one_border_radius__hover_enabled=&#8221;off&#8221; button_two_border_radius__hover_enabled=&#8221;off&#8221; button_letter_spacing__hover_enabled=&#8221;off&#8221; button_one_letter_spacing__hover_enabled=&#8221;off&#8221; button_two_letter_spacing__hover_enabled=&#8221;off&#8221; button_bg_color__hover_enabled=&#8221;off&#8221; button_one_bg_color__hover_enabled=&#8221;off&#8221; button_two_bg_color__hover_enabled=&#8221;off&#8221;][\/et_pb_contact_field][\/et_pb_contact_form][\/et_pb_column][\/et_pb_row][et_pb_row _builder_version=&#8221;4.19.2&#8243; _module_preset=&#8221;default&#8221; width=&#8221;60%&#8221; global_colors_info=&#8221;{}&#8221;][et_pb_column type=&#8221;4_4&#8243; _builder_version=&#8221;4.19.2&#8243; _module_preset=&#8221;default&#8221; global_colors_info=&#8221;{}&#8221;][et_pb_text module_class=&#8221;module_avec_s\u00e9parateur&#8221; _builder_version=&#8221;4.19.2&#8243; _module_preset=&#8221;default&#8221; text_font=&#8221;|300|||||||&#8221; text_font_size=&#8221;12px&#8221; text_orientation=&#8221;center&#8221; global_colors_info=&#8221;{}&#8221;]<\/p>\n<p><span>The information collected on this form is recorded in a file used by Herbapac for contact purposes.<\/span><br \/><span>They are kept for 1 year and are intended for the Herbapac administrative department.<\/span><br \/><span>In accordance with the French law on information technology and civil liberties, you may exercise your right to access and rectify your personal data by filling in the form above or by writing to us at the following address Rue du Pont du P\u00e9age &#8211; F67118 Geispolsheim<\/span><\/p>\n<p>[\/et_pb_text][\/et_pb_column][\/et_pb_row][\/et_pb_section]<\/p>\n","protected":false},"excerpt":{"rendered":"<p>Contact Herbapac SNC Herbapac Rue du Pont du P\u00e9age 67118 Geispolsheim FRANCE + 33 (0)3 90 40 34 10 contact@herbapac.frSend us a message If you have some questions, thank you to contact us through this form or by phone.The information collected on this form is recorded in a file used by Herbapac for contact purposes.They are kept for 1 year and are intended for the Herbapac administrative department.In accordance with the French law on information technology and civil liberties, you may exercise your right to access and rectify your personal data by filling in the form above or by writing to us at the following address Rue du Pont du P\u00e9age &#8211; F67118 Geispolsheim<\/p>\n","protected":false},"author":2,"featured_media":0,"parent":0,"menu_order":0,"comment_status":"closed","ping_status":"closed","template":"","meta":{"_seopress_robots_primary_cat":"","_seopress_titles_title":"%%post_title%% %%sep%% %%sitetitle%%","_seopress_titles_desc":"Contact Herbapac","_seopress_robots_index":"","_et_pb_use_builder":"on","_et_pb_old_content":"","_et_gb_content_width":"","inline_featured_image":false,"footnotes":""},"class_list":["post-243576","page","type-page","status-publish","hentry"],"_links":{"self":[{"href":"https:\/\/herbapac.fr\/en\/wp-json\/wp\/v2\/pages\/243576","targetHints":{"allow":["GET"]}}],"collection":[{"href":"https:\/\/herbapac.fr\/en\/wp-json\/wp\/v2\/pages"}],"about":[{"href":"https:\/\/herbapac.fr\/en\/wp-json\/wp\/v2\/types\/page"}],"author":[{"embeddable":true,"href":"https:\/\/herbapac.fr\/en\/wp-json\/wp\/v2\/users\/2"}],"replies":[{"embeddable":true,"href":"https:\/\/herbapac.fr\/en\/wp-json\/wp\/v2\/comments?post=243576"}],"version-history":[{"count":10,"href":"https:\/\/herbapac.fr\/en\/wp-json\/wp\/v2\/pages\/243576\/revisions"}],"predecessor-version":[{"id":243761,"href":"https:\/\/herbapac.fr\/en\/wp-json\/wp\/v2\/pages\/243576\/revisions\/243761"}],"wp:attachment":[{"href":"https:\/\/herbapac.fr\/en\/wp-json\/wp\/v2\/media?parent=243576"}],"curies":[{"name":"wp","href":"https:\/\/api.w.org\/{rel}","templated":true}]}}