{"id":243600,"date":"2022-11-14T15:22:05","date_gmt":"2022-11-14T14:22:05","guid":{"rendered":"https:\/\/herbapac.fr\/the-expertise\/quality-expertise\/"},"modified":"2023-03-30T13:28:30","modified_gmt":"2023-03-30T11:28:30","slug":"quality-expertise","status":"publish","type":"page","link":"https:\/\/herbapac.fr\/en\/the-expertise\/quality-expertise\/","title":{"rendered":"Quality expertise"},"content":{"rendered":"<p>[et_pb_section fb_built=&#8221;1&#8243; admin_label=&#8221;Section  expertise r\u00e9glementaire et qualit\u00e9&#8221; _builder_version=&#8221;4.19.2&#8243; _module_preset=&#8221;default&#8221; custom_padding=&#8221;||0px||false|false&#8221; global_colors_info=&#8221;{}&#8221;][et_pb_row admin_label=&#8221;Ligne expertise r\u00e9glementaire et qualit\u00e9&#8221; _builder_version=&#8221;4.19.4&#8243; _module_preset=&#8221;default&#8221; width_tablet=&#8221;&#8221; width_phone=&#8221;&#8221; width_last_edited=&#8221;on|phone&#8221; custom_margin=&#8221;5vh||||false|false&#8221; custom_margin_tablet=&#8221;&#8221; custom_margin_phone=&#8221;&#8221; custom_margin_last_edited=&#8221;on|desktop&#8221; global_colors_info=&#8221;{}&#8221;][et_pb_column type=&#8221;4_4&#8243; _builder_version=&#8221;4.19.2&#8243; _module_preset=&#8221;default&#8221; global_colors_info=&#8221;{}&#8221;][et_pb_text content_tablet=&#8221;<\/p>\n<h1 style=%22text-align: center;%22>Regulatory expertise<\/h1>\n<h2 style=%22text-align: center;%22>and quality<\/h2>\n<\/p>\n<p style=%22text-align: center;%22>Marketable teas or infusions always take into account the regulatory requirements.<\/p>\n<p><a href=%22#ligne_qualite%22><img class=%22wp-image-241966 alignnone size-medium%22 style=%22display: block; margin-left: auto; margin-right: auto;%22 src=%22https:\/\/herbapac.fr\/wp-content\/uploads\/2022\/11\/icons8-fleche-bas.svg%22 alt=%22%22 width=%2280%22 height=%2280%22><\/a><\/p>\n<p>&#8221; content_phone=&#8221;<\/p>\n<h1 style=%22text-align: center;%22>Regulatory expertise<\/h1>\n<h2 style=%22text-align: center;%22>and quality<\/h2>\n<\/p>\n<p style=%22text-align: center;%22>Marketable teas or infusions always take into account the regulatory requirements.<\/p>\n<p><a href=%22#ligne_qualite%22><img class=%22wp-image-241966 alignnone size-medium%22 style=%22display: block; margin-left: auto; margin-right: auto;%22 src=%22https:\/\/herbapac.fr\/wp-content\/uploads\/2022\/11\/icons8-fleche-bas.svg%22 alt=%22%22 width=%2280%22 height=%2280%22><\/a><\/p>\n<p>&#8221; content_last_edited=&#8221;off|desktop&#8221; admin_label=&#8221;Texte avec fl\u00e8che expertise r\u00e9glementaire et qualit\u00e9&#8221; _builder_version=&#8221;4.19.4&#8243; _module_preset=&#8221;default&#8221; text_font=&#8221;||||||||&#8221; text_text_color=&#8221;#546A29&#8243; text_font_size=&#8221;18px&#8221; header_font=&#8221;|300|||||||&#8221; header_text_align=&#8221;center&#8221; header_text_color=&#8221;#546A29&#8243; header_font_size=&#8221;45px&#8221; header_2_font=&#8221;|300|on||||||&#8221; header_2_text_align=&#8221;center&#8221; header_2_text_color=&#8221;#C3AD5C&#8221; header_2_font_size=&#8221;68px&#8221; text_orientation=&#8221;center&#8221; width=&#8221;80%&#8221; width_tablet=&#8221;100%&#8221; width_phone=&#8221;100%&#8221; width_last_edited=&#8221;on|phone&#8221; max_width_tablet=&#8221;100%&#8221; max_width_phone=&#8221;100%&#8221; max_width_last_edited=&#8221;on|desktop&#8221; module_alignment=&#8221;center&#8221; text_font_size_tablet=&#8221;18px&#8221; text_font_size_phone=&#8221;16px&#8221; text_font_size_last_edited=&#8221;on|phone&#8221; header_font_size_tablet=&#8221;45px&#8221; header_font_size_phone=&#8221;30px&#8221; header_font_size_last_edited=&#8221;on|phone&#8221; header_line_height_tablet=&#8221;0.7em&#8221; header_line_height_phone=&#8221;1em&#8221; header_line_height_last_edited=&#8221;on|desktop&#8221; header_2_font_size_tablet=&#8221;68px&#8221; header_2_font_size_phone=&#8221;55px&#8221; header_2_font_size_last_edited=&#8221;on|phone&#8221; header_2_line_height_tablet=&#8221;&#8221; header_2_line_height_phone=&#8221;0.7em&#8221; header_2_line_height_last_edited=&#8221;on|phone&#8221; locked=&#8221;off&#8221; global_colors_info=&#8221;{}&#8221;]<\/p>\n<h1 style=\"text-align: center;\">Regulatory expertise<\/h1>\n<h2 style=\"text-align: center;\">and quality<\/h2>\n<p>&nbsp;<\/p>\n<p>The use of plants, flavours, decorations, fruits and teas requires constant checks from a legal point of view. indeed, the different regulations progress in the current context and vary from one country to the other. Our teams are present to advise you and support you in the creation as well as the development of your range of products. We guarantee a regulatory monitoring, and according to the evolutions we inform you about the eventual modifications and possible solutions.<\/p>\n<p><a href=\"#ligne_qualite\"><img loading=\"lazy\" decoding=\"async\" class=\"wp-image-241966 alignnone size-medium\" style=\"display: block; margin-left: auto; margin-right: auto;\" src=\"https:\/\/herbapac.fr\/wp-content\/uploads\/2022\/11\/icons8-fleche-bas.svg\" alt=\"\" width=\"80\" height=\"80\"><\/a><\/p>\n<p>[\/et_pb_text][\/et_pb_column][\/et_pb_row][\/et_pb_section][et_pb_section fb_built=&#8221;1&#8243; custom_padding_last_edited=&#8221;on|phone&#8221; admin_label=&#8221;Section qualit\u00e9 tronc commun&#8221; _builder_version=&#8221;4.19.2&#8243; _module_preset=&#8221;default&#8221; custom_padding=&#8221;0px||0px||true|false&#8221; custom_padding_tablet=&#8221;0px||||false|false&#8221; custom_padding_phone=&#8221;0px||0px||false|false&#8221; locked=&#8221;off&#8221; global_colors_info=&#8221;{}&#8221;][et_pb_row column_structure=&#8221;1_2,1_2&#8243; use_custom_gutter=&#8221;on&#8221; gutter_width=&#8221;2&#8243; make_equal=&#8221;on&#8221; custom_padding_last_edited=&#8221;on|tablet&#8221; admin_label=&#8221;Ligne qualit\u00e9 tronc commun&#8221; module_id=&#8221;ligne_qualite&#8221; _builder_version=&#8221;4.19.2&#8243; _module_preset=&#8221;default&#8221; width=&#8221;100%&#8221; width_tablet=&#8221;100%&#8221; width_phone=&#8221;100%&#8221; width_last_edited=&#8221;on|tablet&#8221; custom_padding_tablet=&#8221;|5%||5%|false|true&#8221; custom_padding_phone=&#8221;|5%|0px|5%|false|true&#8221; global_colors_info=&#8221;{}&#8221;][et_pb_column type=&#8221;1_2&#8243; _builder_version=&#8221;4.19.2&#8243; _module_preset=&#8221;default&#8221; custom_css_main_element=&#8221;align-self:center;&#8221; global_colors_info=&#8221;{}&#8221;][et_pb_image src=&#8221;https:\/\/herbapac.fr\/wp-content\/uploads\/2023\/03\/expertise-qualite-copie.jpg&#8221; alt=&#8221;herbapac th\u00e9s consommateurs&#8221; title_text=&#8221;expertise qualite copie&#8221; align=&#8221;center&#8221; admin_label=&#8221;Image qualit\u00e9 tronc commun&#8221; _builder_version=&#8221;4.20.0&#8243; _module_preset=&#8221;default&#8221; global_colors_info=&#8221;{}&#8221;][\/et_pb_image][\/et_pb_column][et_pb_column type=&#8221;1_2&#8243; _builder_version=&#8221;4.19.2&#8243; _module_preset=&#8221;default&#8221; custom_padding=&#8221;|4vw|||false|false&#8221; custom_padding_tablet=&#8221;|5%||5%|false|true&#8221; custom_padding_phone=&#8221;||||false|false&#8221; custom_padding_last_edited=&#8221;on|phone&#8221; custom_css_main_element=&#8221;align-self:center;&#8221; global_colors_info=&#8221;{}&#8221;][et_pb_text content_tablet=&#8221;<\/p>\n<h2><em>The quality<\/em><\/h2>\n<h2 style=%22line-height: 0.6em;%22><span style=%22color: #546a29; font-size: 26px;%22>as fundamental basis<\/span><\/h2>\n<p>In addition to the regulatory elements, HERBAPAC carries out analyses on all its raw materials and finished products in order to guarantee the quality and food safety for the final consumers. With IFS certification, our company is also able to offer teas from organic farming.<\/p>\n<p><img class=%22wp-image-33 alignnone %22 src=%22https:\/\/herbapac.fr\/wp-content\/uploads\/2022\/11\/IFS_Food_Box_RGB_3.png%22 alt=%22%22 width=%22101%22 height=%2260%22>&#8221; content_phone=&#8221;<\/p>\n<h2><em>The quality<\/em><\/h2>\n<h2 style=%22line-height: 0.9em;%22><span style=%22color: #546a29; font-size: 24px;%22>as fundamental basis<\/span><\/h2>\n<p>In addition to the regulatory elements, HERBAPAC carries out analyses on all its raw materials and finished products in order to guarantee the quality and food safety for the final consumers. With IFS certification, our company is also able to offer teas from organic farming.<\/p>\n<p><img class=%22wp-image-33 alignnone %22 src=%22https:\/\/herbapac.fr\/wp-content\/uploads\/2022\/11\/IFS_Food_Box_RGB_3.png%22 alt=%22%22 width=%22101%22 height=%2260%22><\/p>\n<p>&#8221; content_last_edited=&#8221;on|phone&#8221; admin_label=&#8221;Texte qualit\u00e9 tronc commun&#8221; _builder_version=&#8221;4.19.5&#8243; _module_preset=&#8221;default&#8221; header_2_font=&#8221;|300|||||||&#8221; header_2_text_color=&#8221;#C3AD5C&#8221; header_2_font_size=&#8221;54px&#8221; custom_padding_tablet=&#8221;&#8221; custom_padding_phone=&#8221;&#8221; custom_padding_last_edited=&#8221;on|desktop&#8221; text_font_size_tablet=&#8221;&#8221; text_font_size_phone=&#8221;14px&#8221; text_font_size_last_edited=&#8221;on|phone&#8221; header_2_font_size_tablet=&#8221;36px&#8221; header_2_font_size_phone=&#8221;30px&#8221; header_2_font_size_last_edited=&#8221;on|tablet&#8221; locked=&#8221;off&#8221; global_colors_info=&#8221;{}&#8221;]<\/p>\n<h2><em>The quality<\/em><\/h2>\n<h2 style=\"line-height: 0.6em;\"><span style=\"color: #546a29; font-size: 36px;\">as fundamental basis<\/span><\/h2>\n<p>In addition to the regulatory elements, HERBAPAC carries out analyses on all its raw materials and finished products in order to guarantee the quality and food safety for the final consumers<\/p>\n<p>Since more than 6 years, HERBAPAC has also gone into a voluntary process of certifications. The IFS certification is a guarantee of food safety going from the sourcing to the shipping of finished products to our customers. This certification has a reference based on more than 230 demanding criteria.<\/p>\n<p><img loading=\"lazy\" decoding=\"async\" class=\"wp-image-33 alignnone \" src=\"https:\/\/herbapac.fr\/wp-content\/uploads\/2022\/11\/IFS_Food_Box_RGB_3.png\" alt=\"\" width=\"135\" height=\"80\"><\/p>\n<p>Moreover, HERBAPAC has committed to the fabrication of products stemming from the organic agriculture or agriculture committed in the fight against deforestation and\/or the climate change, in the implementation of economic, social and environmental actions.<\/p>\n<p><img loading=\"lazy\" decoding=\"async\" src=\"https:\/\/herbapac.fr\/wp-content\/uploads\/2023\/02\/EU_Organic_Logo_Colour_54x36mm.svg.png\" width=\"99\" height=\"66\" alt=\"\" class=\"wp-image-243293 alignnone size-medium\">    <img loading=\"lazy\" decoding=\"async\" src=\"https:\/\/herbapac.fr\/wp-content\/uploads\/2023\/02\/ECOCERT_LOGO-e1675869343487-300x214.jpg\" width=\"97\" height=\"69\" alt=\"\" class=\"wp-image-243295 alignnone size-medium\">    <img loading=\"lazy\" decoding=\"async\" src=\"https:\/\/herbapac.fr\/wp-content\/uploads\/2023\/01\/Rainforest-Alliance-logo_and_new_seal.png-e1673023653251-300x123.webp\" width=\"194\" height=\"80\" alt=\"\" class=\"wp-image-243070 alignnone size-medium\"><\/p>\n<p>[\/et_pb_text][\/et_pb_column][\/et_pb_row][\/et_pb_section][et_pb_section fb_built=&#8221;1&#8243; admin_label=&#8221;Section exporter&#8221; _builder_version=&#8221;4.19.2&#8243; _module_preset=&#8221;default&#8221; global_colors_info=&#8221;{}&#8221;][et_pb_row column_structure=&#8221;1_2,1_2&#8243; use_custom_gutter=&#8221;on&#8221; gutter_width=&#8221;4&#8243; make_equal=&#8221;on&#8221; custom_padding_last_edited=&#8221;on|tablet&#8221; admin_label=&#8221;Ligne exporter&#8221; _builder_version=&#8221;4.19.2&#8243; _module_preset=&#8221;default&#8221; background_color=&#8221;#EEEEEE&#8221; width=&#8221;95%&#8221; custom_padding=&#8221;|2%||5%|false|false&#8221; custom_padding_tablet=&#8221;|5%||5%|false|true&#8221; custom_padding_phone=&#8221;|5%||5%|false|true&#8221; global_colors_info=&#8221;{}&#8221;][et_pb_column type=&#8221;1_2&#8243; _builder_version=&#8221;4.19.2&#8243; _module_preset=&#8221;default&#8221; global_colors_info=&#8221;{}&#8221;][et_pb_text content_tablet=&#8221;<\/p>\n<h2><em>To export<\/em><\/h2>\n<h2 style=%22line-height: 0.6em;%22><span style=%22color: #546a29; font-size: 26px;%22>your teas &amp; herbal teas<\/span><\/h2>\n<p>Every day more than two billion cups of tea are drunk around the world. Each country has its own rules concerning the food safety. HERBAPAC supports its customers in their sales project around the world. The vigilance points being on the recipe of course but also on the packing or labelling.&#8221; content_phone=&#8221;<\/p>\n<h2><em>To export<\/em><\/h2>\n<h2 style=%22line-height: 0.9em;%22><span style=%22color: #546a29; font-size: 24px;%22>your teas &amp; herbal teas<\/span><\/h2>\n<p>Every day more than two billion cups of tea are drunk around the world. Each country has its own rules concerning the food safety. HERBAPAC supports its customers in their sales project around the world. The vigilance points being on the recipe of course but also on the packing or labelling.<\/p>\n<p>&#8221; content_last_edited=&#8221;on|phone&#8221; admin_label=&#8221;Texte qualit\u00e9 tronc commun&#8221; _builder_version=&#8221;4.19.4&#8243; _module_preset=&#8221;default&#8221; header_2_font=&#8221;|300|||||||&#8221; header_2_text_color=&#8221;#C3AD5C&#8221; header_2_font_size=&#8221;54px&#8221; custom_padding_tablet=&#8221;&#8221; custom_padding_phone=&#8221;&#8221; custom_padding_last_edited=&#8221;on|desktop&#8221; text_font_size_tablet=&#8221;&#8221; text_font_size_phone=&#8221;14px&#8221; text_font_size_last_edited=&#8221;on|phone&#8221; header_2_font_size_tablet=&#8221;36px&#8221; header_2_font_size_phone=&#8221;30px&#8221; header_2_font_size_last_edited=&#8221;on|tablet&#8221; locked=&#8221;off&#8221; global_colors_info=&#8221;{}&#8221;]<\/p>\n<h2><em>To export<\/em><\/h2>\n<h2 style=\"line-height: 0.6em;\"><span style=\"color: #546a29; font-size: 36px;\">your teas &amp; herbal teas<\/span><\/h2>\n<p>The tea &amp; herbal teas are the second beverage the most consumed each day in the world. Each country has its own rules concerning the food safety. HERBAPAC supports its customers in their sales project around the world. The vigilance points being on the recipe of course but also on the packing or labelling.<\/p>\n<p>[\/et_pb_text][\/et_pb_column][et_pb_column type=&#8221;1_2&#8243; _builder_version=&#8221;4.19.2&#8243; _module_preset=&#8221;default&#8221; global_colors_info=&#8221;{}&#8221;][et_pb_image src=&#8221;https:\/\/herbapac.fr\/wp-content\/uploads\/2022\/12\/export_thes.jpeg&#8221; title_text=&#8221;export_thes&#8221; align=&#8221;center&#8221; _builder_version=&#8221;4.19.2&#8243; _module_preset=&#8221;default&#8221; global_colors_info=&#8221;{}&#8221;][\/et_pb_image][\/et_pb_column][\/et_pb_row][et_pb_row column_structure=&#8221;1_2,1_2&#8243; use_custom_gutter=&#8221;on&#8221; gutter_width=&#8221;2&#8243; make_equal=&#8221;on&#8221; custom_padding_last_edited=&#8221;on|phone&#8221; module_id=&#8221;ligne_qualite&#8221; _builder_version=&#8221;4.19.2&#8243; _module_preset=&#8221;default&#8221; width=&#8221;95%&#8221; width_tablet=&#8221;100%&#8221; width_phone=&#8221;100%&#8221; width_last_edited=&#8221;on|tablet&#8221; custom_margin=&#8221;5vh||||false|false&#8221; custom_margin_tablet=&#8221;5vh||||false|false&#8221; custom_margin_phone=&#8221;5vh||||false|false&#8221; custom_margin_last_edited=&#8221;on|desktop&#8221; custom_padding=&#8221;||||false|false&#8221; custom_padding_tablet=&#8221;|5%||5%|false|true&#8221; custom_padding_phone=&#8221;|5%||5%|false|true&#8221; custom_css_main_element=&#8221;align-self:center;&#8221; global_colors_info=&#8221;{}&#8221;][et_pb_column type=&#8221;1_2&#8243; _builder_version=&#8221;4.19.2&#8243; _module_preset=&#8221;default&#8221; global_colors_info=&#8221;{}&#8221;][et_pb_image src=&#8221;https:\/\/herbapac.fr\/wp-content\/uploads\/2022\/12\/securite.jpeg&#8221; title_text=&#8221;safety&#8221; align_tablet=&#8221;center&#8221; align_phone=&#8221;center&#8221; align_last_edited=&#8221;on|desktop&#8221; module_id=&#8221;ligne_qualite&#8221; _builder_version=&#8221;4.19.2&#8243; _module_preset=&#8221;default&#8221; width=&#8221;100%&#8221; width_tablet=&#8221;100%&#8221; width_phone=&#8221;100%&#8221; width_last_edited=&#8221;on|tablet&#8221; global_colors_info=&#8221;{}&#8221;][\/et_pb_image][\/et_pb_column][et_pb_column type=&#8221;1_2&#8243; _builder_version=&#8221;4.19.2&#8243; _module_preset=&#8221;default&#8221; custom_css_main_element=&#8221;align-self:center;&#8221; global_colors_info=&#8221;{}&#8221;][et_pb_text content_tablet=&#8221;<\/p>\n<h2><em>A guarantee<\/em><\/h2>\n<h2 style=%22line-height: 0.6em;%22><span style=%22color: #546a29; font-size: 26px;%22>for the French market<\/span><\/h2>\n<p>Bas\u00e9 en France, HERBAPAC dispose d\u2019une connaissance pr\u00e9cise des exigences r\u00e8glementaires de ce march\u00e9. The recipes, packagings, labelling meet in all respects the expectations of the French market. This rigorous work enables the HERBAPAC customers to be able to market their offer of teas and herbal teas in France with confidence. HERBAPAC works in collaboration with the union of teas and infusion plants in order to follow all the current events.&#8221; content_phone=&#8221;<\/p>\n<h2><em>A guarantee<\/em><\/h2>\n<h2 style=%22line-height: 0.9em;%22><span style=%22color: #546a29; font-size: 24px;%22>for the French market<\/span><\/h2>\n<p>Bas\u00e9 en France, HERBAPAC dispose d\u2019une connaissance pr\u00e9cise des exigences r\u00e8glementaires de ce march\u00e9. The recipes, packagings, labelling meet in all respects the expectations of the French market. This rigorous work enables the HERBAPAC customers to be able to market their offer of teas and herbal teas in France with confidence. HERBAPAC works in collaboration with the union of teas and infusion plants in order to follow all the current events.&#8221; content_last_edited=&#8221;on|phone&#8221; admin_label=&#8221;Texte s\u00e9curit\u00e9&#8221; _builder_version=&#8221;4.20.2&#8243; _module_preset=&#8221;default&#8221; header_2_font=&#8221;|300|||||||&#8221; header_2_text_color=&#8221;#C3AD5C&#8221; header_2_font_size=&#8221;54px&#8221; custom_padding_tablet=&#8221;&#8221; custom_padding_phone=&#8221;&#8221; custom_padding_last_edited=&#8221;on|desktop&#8221; text_font_size_tablet=&#8221;&#8221; text_font_size_phone=&#8221;14px&#8221; text_font_size_last_edited=&#8221;on|phone&#8221; header_2_font_size_tablet=&#8221;36px&#8221; header_2_font_size_phone=&#8221;30px&#8221; header_2_font_size_last_edited=&#8221;on|tablet&#8221; locked=&#8221;off&#8221; global_colors_info=&#8221;{}&#8221;]<\/p>\n<h2><em>A guarantee<\/em><\/h2>\n<h2 style=\"line-height: 0.6em;\"><span style=\"color: #546a29; font-size: 36px;\">for the French market<\/span><\/h2>\n<p>Bas\u00e9 en France, HERBAPAC dispose d\u2019une connaissance pr\u00e9cise des exigences r\u00e8glementaires de ce march\u00e9. The recipes, packagings, labelling meet in all respects the expectations of the French market. This rigorous work enables the HERBAPAC customers to be able to market their offer of teas and herbal teas in France with confidence. HERBAPAC works in collaboration with the union of teas and infusion plants in order to follow all the current events.<\/p>\n<p>[\/et_pb_text][\/et_pb_column][\/et_pb_row][et_pb_row _builder_version=&#8221;4.19.2&#8243; _module_preset=&#8221;default&#8221; locked=&#8221;off&#8221; global_colors_info=&#8221;{}&#8221;][et_pb_column type=&#8221;4_4&#8243; _builder_version=&#8221;4.19.2&#8243; _module_preset=&#8221;default&#8221; global_colors_info=&#8221;{}&#8221;][et_pb_button button_url=&#8221;https:\/\/herbapac.fr\/en\/contact\/#texte_contact&#8221; button_text=&#8221;Contact-us&#8221; button_alignment=&#8221;center&#8221; admin_label=&#8221;bouton contactez-nous&#8221; _builder_version=&#8221;4.19.2&#8243; _module_preset=&#8221;default&#8221; custom_button=&#8221;on&#8221; button_text_color=&#8221;#FFFFFF&#8221; button_bg_color=&#8221;#546A29&#8243; button_use_icon=&#8221;off&#8221; box_shadow_style=&#8221;preset4&#8243; box_shadow_horizontal=&#8221;5px&#8221; box_shadow_vertical=&#8221;5px&#8221; box_shadow_color=&#8221;#C3AD5C&#8221; global_colors_info=&#8221;{}&#8221; button_text_color__hover_enabled=&#8221;on|hover&#8221; button_text_color__hover=&#8221;#BFDC9E&#8221;][\/et_pb_button][\/et_pb_column][\/et_pb_row][\/et_pb_section]<\/p>\n","protected":false},"excerpt":{"rendered":"<p>Regulatory expertise and quality &nbsp; The use of plants, flavours, decorations, fruits and teas requires constant checks from a legal point of view. indeed, the different regulations progress in the current context and vary from one country to the other. Our teams are present to advise you and support you in the creation as well as the development of your range of products. We guarantee a regulatory monitoring, and according to the evolutions we inform you about the eventual modifications and possible solutions. The quality as fundamental basis In addition to the regulatory elements, HERBAPAC carries out analyses on all its raw materials and finished products in order to guarantee the quality and food safety for the final consumers Since more than 6 years, HERBAPAC has also gone into a voluntary process of certifications. The IFS certification is a guarantee of food safety going from the sourcing to the shipping of finished products to our customers. This certification has a reference based on more than 230 demanding criteria. Moreover, HERBAPAC has committed to the fabrication of products stemming from the organic agriculture or agriculture committed in the fight against deforestation and\/or the climate change, in the implementation of economic, social [&hellip;]<\/p>\n","protected":false},"author":2,"featured_media":0,"parent":243543,"menu_order":0,"comment_status":"closed","ping_status":"closed","template":"","meta":{"_seopress_robots_primary_cat":"","_seopress_titles_title":"%%post_title%% %%sep%% %%sitetitle%%","_seopress_titles_desc":"Regulatory expertise\nand quality","_seopress_robots_index":"","_et_pb_use_builder":"on","_et_pb_old_content":"","_et_gb_content_width":"","inline_featured_image":false,"footnotes":""},"class_list":["post-243600","page","type-page","status-publish","hentry"],"_links":{"self":[{"href":"https:\/\/herbapac.fr\/en\/wp-json\/wp\/v2\/pages\/243600","targetHints":{"allow":["GET"]}}],"collection":[{"href":"https:\/\/herbapac.fr\/en\/wp-json\/wp\/v2\/pages"}],"about":[{"href":"https:\/\/herbapac.fr\/en\/wp-json\/wp\/v2\/types\/page"}],"author":[{"embeddable":true,"href":"https:\/\/herbapac.fr\/en\/wp-json\/wp\/v2\/users\/2"}],"replies":[{"embeddable":true,"href":"https:\/\/herbapac.fr\/en\/wp-json\/wp\/v2\/comments?post=243600"}],"version-history":[{"count":10,"href":"https:\/\/herbapac.fr\/en\/wp-json\/wp\/v2\/pages\/243600\/revisions"}],"predecessor-version":[{"id":243806,"href":"https:\/\/herbapac.fr\/en\/wp-json\/wp\/v2\/pages\/243600\/revisions\/243806"}],"up":[{"embeddable":true,"href":"https:\/\/herbapac.fr\/en\/wp-json\/wp\/v2\/pages\/243543"}],"wp:attachment":[{"href":"https:\/\/herbapac.fr\/en\/wp-json\/wp\/v2\/media?parent=243600"}],"curies":[{"name":"wp","href":"https:\/\/api.w.org\/{rel}","templated":true}]}}